{"id":2452,"date":"2022-01-20T12:26:59","date_gmt":"2022-01-20T11:26:59","guid":{"rendered":"https:\/\/moricetpa.fr\/?page_id=2452"},"modified":"2022-04-12T15:48:31","modified_gmt":"2022-04-12T13:48:31","slug":"politique-de-confidentialite","status":"publish","type":"page","link":"https:\/\/moricetpa.fr\/index.php\/politique-de-confidentialite\/","title":{"rendered":"Politique de confidentialit\u00e9"},"content":{"rendered":"\t\t<div data-elementor-type=\"wp-page\" data-elementor-id=\"2452\" class=\"elementor elementor-2452\">\n\t\t\t\t\t\t<div class=\"elementor-inner\">\n\t\t\t\t<div class=\"elementor-section-wrap\">\n\t\t\t\t\t\t\t\t\t<section class=\"elementor-section elementor-top-section elementor-element elementor-element-48e61ca elementor-section-boxed elementor-section-height-default elementor-section-height-default\" data-id=\"48e61ca\" data-element_type=\"section\" data-settings=\"{&quot;jet_parallax_layout_list&quot;:[{&quot;jet_parallax_layout_image&quot;:{&quot;url&quot;:&quot;&quot;,&quot;id&quot;:&quot;&quot;,&quot;size&quot;:&quot;&quot;},&quot;_id&quot;:&quot;1ec7933&quot;,&quot;jet_parallax_layout_image_tablet&quot;:{&quot;url&quot;:&quot;&quot;,&quot;id&quot;:&quot;&quot;,&quot;size&quot;:&quot;&quot;},&quot;jet_parallax_layout_image_mobile&quot;:{&quot;url&quot;:&quot;&quot;,&quot;id&quot;:&quot;&quot;,&quot;size&quot;:&quot;&quot;},&quot;jet_parallax_layout_speed&quot;:{&quot;unit&quot;:&quot;%&quot;,&quot;size&quot;:50,&quot;sizes&quot;:[]},&quot;jet_parallax_layout_type&quot;:&quot;scroll&quot;,&quot;jet_parallax_layout_direction&quot;:null,&quot;jet_parallax_layout_fx_direction&quot;:null,&quot;jet_parallax_layout_z_index&quot;:&quot;&quot;,&quot;jet_parallax_layout_bg_x&quot;:50,&quot;jet_parallax_layout_bg_x_tablet&quot;:&quot;&quot;,&quot;jet_parallax_layout_bg_x_mobile&quot;:&quot;&quot;,&quot;jet_parallax_layout_bg_y&quot;:50,&quot;jet_parallax_layout_bg_y_tablet&quot;:&quot;&quot;,&quot;jet_parallax_layout_bg_y_mobile&quot;:&quot;&quot;,&quot;jet_parallax_layout_bg_size&quot;:&quot;auto&quot;,&quot;jet_parallax_layout_bg_size_tablet&quot;:&quot;&quot;,&quot;jet_parallax_layout_bg_size_mobile&quot;:&quot;&quot;,&quot;jet_parallax_layout_animation_prop&quot;:&quot;transform&quot;,&quot;jet_parallax_layout_on&quot;:[&quot;desktop&quot;,&quot;tablet&quot;]}]}\">\n\t\t\t\t\t\t<div class=\"elementor-container elementor-column-gap-default\">\n\t\t\t\t\t\t\t<div class=\"elementor-row\">\n\t\t\t\t\t<div class=\"elementor-column elementor-col-100 elementor-top-column elementor-element elementor-element-1012a51\" data-id=\"1012a51\" data-element_type=\"column\">\n\t\t\t<div class=\"elementor-column-wrap elementor-element-populated\">\n\t\t\t\t\t\t\t<div class=\"elementor-widget-wrap\">\n\t\t\t\t\t\t<div class=\"elementor-element elementor-element-5ce26b9 elementor-widget elementor-widget-heading\" data-id=\"5ce26b9\" data-element_type=\"widget\" data-widget_type=\"heading.default\">\n\t\t\t\t<div class=\"elementor-widget-container\">\n\t\t\t<h1 class=\"elementor-heading-title elementor-size-default\">Politique de confidentialit\u00e9<br>\n<img decoding=\"async\" src=\"https:\/\/moricetpa.fr\/wp-content\/uploads\/2022\/04\/tractopelle-soulignage.png\"><\/h1>\t\t<\/div>\n\t\t\t\t<\/div>\n\t\t\t\t\t\t<\/div>\n\t\t\t\t\t<\/div>\n\t\t<\/div>\n\t\t\t\t\t\t\t\t<\/div>\n\t\t\t\t\t<\/div>\n\t\t<\/section>\n\t\t\t\t<section class=\"elementor-section elementor-top-section elementor-element elementor-element-7f4c55dd elementor-section-boxed elementor-section-height-default elementor-section-height-default\" data-id=\"7f4c55dd\" data-element_type=\"section\" data-settings=\"{&quot;jet_parallax_layout_list&quot;:[{&quot;jet_parallax_layout_image&quot;:{&quot;url&quot;:&quot;&quot;,&quot;id&quot;:&quot;&quot;,&quot;size&quot;:&quot;&quot;},&quot;_id&quot;:&quot;52d1ab2&quot;,&quot;jet_parallax_layout_image_tablet&quot;:{&quot;url&quot;:&quot;&quot;,&quot;id&quot;:&quot;&quot;,&quot;size&quot;:&quot;&quot;},&quot;jet_parallax_layout_image_mobile&quot;:{&quot;url&quot;:&quot;&quot;,&quot;id&quot;:&quot;&quot;,&quot;size&quot;:&quot;&quot;},&quot;jet_parallax_layout_speed&quot;:{&quot;unit&quot;:&quot;%&quot;,&quot;size&quot;:50,&quot;sizes&quot;:[]},&quot;jet_parallax_layout_type&quot;:&quot;scroll&quot;,&quot;jet_parallax_layout_direction&quot;:null,&quot;jet_parallax_layout_fx_direction&quot;:null,&quot;jet_parallax_layout_z_index&quot;:&quot;&quot;,&quot;jet_parallax_layout_bg_x&quot;:50,&quot;jet_parallax_layout_bg_x_tablet&quot;:&quot;&quot;,&quot;jet_parallax_layout_bg_x_mobile&quot;:&quot;&quot;,&quot;jet_parallax_layout_bg_y&quot;:50,&quot;jet_parallax_layout_bg_y_tablet&quot;:&quot;&quot;,&quot;jet_parallax_layout_bg_y_mobile&quot;:&quot;&quot;,&quot;jet_parallax_layout_bg_size&quot;:&quot;auto&quot;,&quot;jet_parallax_layout_bg_size_tablet&quot;:&quot;&quot;,&quot;jet_parallax_layout_bg_size_mobile&quot;:&quot;&quot;,&quot;jet_parallax_layout_animation_prop&quot;:&quot;transform&quot;,&quot;jet_parallax_layout_on&quot;:[&quot;desktop&quot;,&quot;tablet&quot;]}]}\">\n\t\t\t\t\t\t<div class=\"elementor-container elementor-column-gap-default\">\n\t\t\t\t\t\t\t<div class=\"elementor-row\">\n\t\t\t\t\t<div class=\"elementor-column elementor-col-100 elementor-top-column elementor-element elementor-element-29f04a4d\" data-id=\"29f04a4d\" data-element_type=\"column\">\n\t\t\t<div class=\"elementor-column-wrap elementor-element-populated\">\n\t\t\t\t\t\t\t<div class=\"elementor-widget-wrap\">\n\t\t\t\t\t\t<div class=\"elementor-element elementor-element-3f328b27 elementor-widget elementor-widget-text-editor\" data-id=\"3f328b27\" data-element_type=\"widget\" data-widget_type=\"text-editor.default\">\n\t\t\t\t<div class=\"elementor-widget-container\">\n\t\t\t\t\t\t\t\t<div class=\"elementor-text-editor elementor-clearfix\">\n\t\t\t\t<p><\/p>\n<h4><b>Qui sommes-nous ?<\/b><\/h4>\n<p><span style=\"color: var( --e-global-color-text );\">L\u2019adresse de notre site est : https:\/\/moricetpa.fr.<br><\/span><span style=\"color: var( --e-global-color-text );\"><br><\/span><\/p>\n<h4><span style=\"color: var( --e-global-color-text );\"><b>Utilisation des donn\u00e9es personnelles collect\u00e9es<br><\/b><\/span><span style=\"color: var( --e-global-color-text );\"><b>Commentaires<\/b><\/span><\/h4>\n<p><span style=\"color: var( --e-global-color-text );\">Quand vous laissez un commentaire sur notre site, les donn\u00e9es inscrites dans le formulaire de commentaire, mais aussi votre adresse IP et l\u2019agent utilisateur de votre navigateur sont collect\u00e9s pour nous aider \u00e0 la d\u00e9tection des commentaires ind\u00e9sirables.<br><\/span><span style=\"color: var( --e-global-color-text );\"><br>Une cha\u00eene anonymis\u00e9e cr\u00e9\u00e9e \u00e0 partir de votre adresse e-mail (\u00e9galement appel\u00e9e hash) peut \u00eatre envoy\u00e9e au service Gravatar pour v\u00e9rifier si vous utilisez ce dernier. Les clauses de confidentialit\u00e9 du service Gravatar sont disponibles ici : https:\/\/automattic.com\/privacy\/. Apr\u00e8s validation de votre commentaire, votre photo de profil sera visible publiquement \u00e0 c\u00f4t\u00e9 de votre commentaire.<br><\/span><span style=\"color: var( --e-global-color-text );\"><br><\/span><\/p>\n<h4><span style=\"color: var( --e-global-color-text );\"><b>M\u00e9dias<\/b><\/span><\/h4>\n<p><span style=\"color: var( --e-global-color-text );\">Si vous t\u00e9l\u00e9versez des images sur le site, nous vous conseillons d\u2019\u00e9viter de t\u00e9l\u00e9verser des images contenant des donn\u00e9es EXIF de coordonn\u00e9es GPS. Les personnes visitant votre site peuvent t\u00e9l\u00e9charger et extraire des donn\u00e9es de localisation depuis ces images.<br><\/span><span style=\"color: var( --e-global-color-text );\"><br><\/span><\/p>\n<h4><span style=\"color: var( --e-global-color-text );\"><b>Formulaire de contact<\/b><\/span><\/h4>\n<p>Les donn\u00e9es saisies dans les formulaires sont envoy\u00e9es par e-mail \u00e0 l&rsquo;adresse du service administratif concern\u00e9 et sont exploit\u00e9es simplement dans le cadre de la demande en cours.<br><br><\/p>\n<p><\/p>\n<h4><b>Cookies<\/b><\/h4>\n<p><span style=\"color: var( --e-global-color-text );\">Si vous d\u00e9posez un commentaire sur notre site, il vous sera propos\u00e9 d\u2019enregistrer votre nom, adresse e-mail et site dans des cookies. C\u2019est uniquement pour votre confort afin de ne pas avoir \u00e0 saisir ces informations si vous d\u00e9posez un autre commentaire plus tard. Ces cookies expirent au bout d\u2019un an.<br><\/span><span style=\"color: var( --e-global-color-text );\"><br>Si vous vous rendez sur la page de connexion, un cookie temporaire sera cr\u00e9\u00e9 afin de d\u00e9terminer si votre navigateur accepte les cookies. Il ne contient pas de donn\u00e9es personnelles et sera supprim\u00e9 automatiquement \u00e0 la fermeture de votre navigateur.<br><\/span><span style=\"color: var( --e-global-color-text );\"><br>Lorsque vous vous connecterez, nous mettrons en place un certain nombre de cookies pour enregistrer vos informations de connexion et vos pr\u00e9f\u00e9rences d\u2019\u00e9cran. La dur\u00e9e de vie d\u2019un cookie de connexion est de deux jours, celle d\u2019un cookie d\u2019option d\u2019\u00e9cran est d\u2019un an. Si vous cochez \u00ab Se souvenir de moi \u00bb, votre cookie de connexion sera conserv\u00e9 pendant deux semaines. Si vous vous d\u00e9connectez de votre compte, le cookie de connexion sera effac\u00e9.<br><\/span><span style=\"color: var( --e-global-color-text );\"><br>En modifiant ou en publiant une publication, un cookie suppl\u00e9mentaire sera enregistr\u00e9 dans votre navigateur. Ce cookie ne comprend aucune donn\u00e9e personnelle. Il indique simplement l\u2019ID de la publication que vous venez de modifier. Il expire au bout d\u2019un jour.<br><\/span><span style=\"color: var( --e-global-color-text );\"><br><\/span><\/p>\n<h4><span style=\"color: var( --e-global-color-text );\"><b>Contenu embarqu\u00e9 depuis d\u2019autres sites<\/b><\/span><\/h4>\n<p><span style=\"color: var( --e-global-color-text );\">Les articles de ce site peuvent inclure des contenus int\u00e9gr\u00e9s (par exemple des vid\u00e9os, images, articles\u2026). Le contenu int\u00e9gr\u00e9 depuis d\u2019autres sites se comporte de la m\u00eame mani\u00e8re que si le visiteur se rendait sur cet autre site.<br><\/span><span style=\"color: var( --e-global-color-text );\"><br>Ces sites web pourraient collecter des donn\u00e9es sur vous, utiliser des cookies, embarquer des outils de suivis tiers, suivre vos interactions avec ces contenus embarqu\u00e9s si vous disposez d\u2019un compte connect\u00e9 sur leur site web.<br><\/span><span style=\"color: var( --e-global-color-text );\"><br><\/span><\/p>\n<h4><span style=\"color: var( --e-global-color-text );\"><b>Statistiques et mesures d\u2019audience<\/b><\/span><\/h4>\n<p>Ce site utilise Google Analytics, un service d\u2019analyse statistique et de mesures d\u2019audience de site internet fourni par Google. Google Analytics utilise des cookies pour aider le site internet \u00e0 analyser l\u2019utilisation du site par ses utilisateurs. Google utilise cette information dans le but d\u2019\u00e9valuer l\u2019utilisation du site, de compiler des rapports sur l\u2019activit\u00e9 du site et \u00e0 l\u2019utilisation d\u2019Internet.<br><span style=\"color: var( --e-global-color-text );\"><br>Afin de respecter l\u2019anonymat de nos utilisateurs, toutes les adresses IP transmises \u00e0 Google Analytics par notre site sont anonymes. MORICE TRAVAUX PUBLICS AGRICOLES utilise Google Analytics pour obtenir des statistiques et mesures d\u2019audience, dans un souci d\u2019\u00e9valuation voire d\u2019am\u00e9lioration. Ces statistiques sont anonymis\u00e9es et ne permettent pas de tracer l\u2019activit\u00e9 individuelle des visiteurs.<br><\/span><span style=\"color: var( --e-global-color-text );\"><br>Google est susceptible de communiquer ces donn\u00e9es \u00e0 des tiers en cas d\u2019obligation l\u00e9gale ou lorsque ces tiers traitent ces donn\u00e9es pour le compte de Google, y compris notamment l\u2019\u00e9diteur de ce site. Google ne recoupera pas votre adresse IP avec toute autre donn\u00e9e d\u00e9tenue par Google. Plus d\u2019informations sur la <a href=\"https:\/\/policies.google.com\/privacy?hl=fr\"><u>politique de confidentialit\u00e9 de Google<\/u><\/a><u><br><\/u><\/span><span style=\"color: var( --e-global-color-text );\"><u><br><\/u>Nous vous rappelons que vous pouvez d\u00e9sactiver l\u2019utilisation de cookies en s\u00e9lectionnant les param\u00e8tres appropri\u00e9s de votre navigateur.<br><br><\/span><\/p>\n<h4 style=\"font-family: Raleway, sans-serif; color: rgb(122, 122, 122);\"><b>Utilisation et transmission de vos donn\u00e9es personnelles<\/b><\/h4>\n<h4><span style=\"color: var( --e-global-color-text ); font-size: 16px;\">Si vous demandez une r\u00e9initialisation de votre mot de passe, votre adresse IP sera incluse dans l\u2019e-mail de r\u00e9initialisation.<\/span><br><\/h4>\n<h4><br><\/h4>\n<p><span style=\"color: var( --e-global-color-text );\"><br><\/span><\/p>\n<h4><span style=\"color: var( --e-global-color-text );\"><b>Dur\u00e9es de stockage de vos donn\u00e9es<\/b><\/span><\/h4>\n<p><span style=\"color: var( --e-global-color-text );\">Si vous laissez un commentaire, le commentaire et ses m\u00e9tadonn\u00e9es sont conserv\u00e9s ind\u00e9finiment. Cela permet de reconna\u00eetre et d&rsquo;approuver automatiquement les commentaires suivants au lieu de les laisser dans la file de mod\u00e9ration.<br><\/span><span style=\"color: var( --e-global-color-text );\"><br>Pour les comptes qui s\u2019inscrivent sur notre site (le cas \u00e9ch\u00e9ant), nous stockons \u00e9galement les donn\u00e9es personnelles indiqu\u00e9es dans leur profil. Tous les comptes peuvent voir, modifier ou supprimer leurs informations personnelles \u00e0 tout moment (\u00e0 l\u2019exception de leur identifiant). Les gestionnaires du site peuvent aussi voir et modifier ces informations.<br><\/span><span style=\"color: var( --e-global-color-text );\"><br><\/span><\/p>\n<h4><span style=\"color: var( --e-global-color-text );\"><b>Les droits que vous avez sur vos donn\u00e9es<\/b><\/span><\/h4>\n<p><span style=\"color: var( --e-global-color-text );\">Si vous avez un compte ou si vous avez laiss\u00e9 des commentaires sur le site, vous pouvez demander \u00e0 recevoir un fichier contenant toutes les donn\u00e9es personnelles que nous poss\u00e9dons \u00e0 votre sujet, incluant celles que vous nous avez fournies. Vous pouvez \u00e9galement demander la suppression des donn\u00e9es personnelles vous concernant. Cela ne prend pas en compte les donn\u00e9es stock\u00e9es \u00e0 des fins administratives, l\u00e9gales ou pour des raisons de s\u00e9curit\u00e9.<br><\/span><span style=\"color: var( --e-global-color-text );\"><br><\/span><\/p>\n<h4><span style=\"color: var( --e-global-color-text );\"><b>Transmission de vos donn\u00e9es personnelles<\/b><\/span><\/h4>\n<p><span style=\"color: var( --e-global-color-text );\">Les commentaires des visiteurs peuvent \u00eatre v\u00e9rifi\u00e9s \u00e0 l\u2019aide d\u2019un service automatis\u00e9 de d\u00e9tection des commentaires ind\u00e9sirables.<br><\/span><span style=\"color: var( --e-global-color-text );\"><br><\/span><\/p>\n<h4><span style=\"color: var( --e-global-color-text );\"><b>Informations de contact<\/b><\/span><\/h4>\n<div>\n<div style=\"\">\n<p>Vous pouvez exercer vos droits \u00e0 tout moment en formulant votre demande par mail \u00e0 l&rsquo;adresse suivante : moricetpa@orange.fr<br><b style=\"color: var( --e-global-color-text ); font-family: inherit; font-size: 2rem;\"><br><\/b><\/p>\n<h4><b>Informations suppl\u00e9mentaires<\/b><\/h4>\n<\/div>\n<\/div>\n<h4><span style=\"color: var( --e-global-color-text );\"><b>Comment nous prot\u00e9geons vos donn\u00e9es<\/b><\/span><\/h4>\n<div>\n<div style=\"\">Nous mettons tout en place pour s\u00e9curiser vos donn\u00e9es et faire face aux risques inh\u00e9rents \u00e0 la conservation de vos informations personnelles, par exemple : acc\u00e8s s\u00e9curis\u00e9 par mot de passe des fichiers de stockage des donn\u00e9es, rigueur dans la gestion et le contr\u00f4le des personnes ayant acc\u00e8s aux donn\u00e9es.<br><br><\/div>\n<\/div>\n<h4><span style=\"color: var( --e-global-color-text );\"><b>Proc\u00e9dures mises en \u0153uvre en cas de fuite de donn\u00e9es<\/b><\/span><\/h4>\n<div>\n<div style=\"\">En cas de fuite de donn\u00e9es vous concernant, le D\u00e9l\u00e9gu\u00e9 \u00e0 la Protection des Donn\u00e9es prendra contact avec vous dans les plus brefs d\u00e9lais, pour vous en avertir et que vous puissiez prendre les mesures de protection si n\u00e9cessaire.<br><br><\/div>\n<\/div>\n<h4><span style=\"color: var( --e-global-color-text );\"><b>Les services tiers qui nous transmettent des donn\u00e9es<\/b><\/span><\/h4>\n<div>\n<div style=\"\">\n<p>Aucun service tiers ne nous transmet de donn\u00e9es concernant les utilisateurs de ce site internet.<br><span style=\"font-weight: 700; font-size: 1.5rem;\"><br>Op\u00e9rations de marketing automatis\u00e9 et\/ou de profilage r\u00e9alis\u00e9es \u00e0 l&rsquo;aide des donn\u00e9es personnelles<br><\/span><span style=\"color: var( --e-global-color-text );\">Aucune, hormis celles mentionn\u00e9es dans le paragraphe \u00ab Statistiques et mesures d\u2019audience \u00bb ci-dessus.<br><\/span><span style=\"color: var( --e-global-color-text ); font-family: inherit;\"><br><b style=\"font-size: 1.5rem;\">Affichage des informations li\u00e9es aux secteurs soumis \u00e0 des r\u00e9gulations sp\u00e9cifiques<\/b><span style=\"font-size: 24px;\"><b><br><\/b><\/span><\/span><span style=\"color: var( --e-global-color-text );\">Le site www.moricetpa.fr et son contenu sont r\u00e9gis par le Droit Fran\u00e7ais, et tout litige \u00e9ventuel s\u2019y rapportant sera soumis \u00e0 la comp\u00e9tence des tribunaux fran\u00e7ais.<\/span><\/p>\n<\/div>\n<\/div>\t\t\t\t\t<\/div>\n\t\t\t\t\t\t<\/div>\n\t\t\t\t<\/div>\n\t\t\t\t\t\t<\/div>\n\t\t\t\t\t<\/div>\n\t\t<\/div>\n\t\t\t\t\t\t\t\t<\/div>\n\t\t\t\t\t<\/div>\n\t\t<\/section>\n\t\t\t\t\t\t\t\t\t<\/div>\n\t\t\t<\/div>\n\t\t\t\t\t<\/div>\n\t\t","protected":false},"excerpt":{"rendered":"<p>Politique de confidentialit\u00e9 Qui sommes-nous ? L\u2019adresse de notre site est : https:\/\/moricetpa.fr. Utilisation des donn\u00e9es personnelles collect\u00e9esCommentaires Quand vous laissez un commentaire sur notre site, les donn\u00e9es inscrites dans le formulaire de commentaire, mais aussi votre adresse IP et l\u2019agent utilisateur de votre navigateur sont collect\u00e9s pour nous aider \u00e0 la d\u00e9tection des commentaires [&hellip;]<\/p>\n","protected":false},"author":1,"featured_media":0,"parent":0,"menu_order":0,"comment_status":"closed","ping_status":"closed","template":"","meta":[],"acf":[],"yoast_head":"<!-- This site is optimized with the Yoast SEO plugin v20.2.1 - https:\/\/yoast.com\/wordpress\/plugins\/seo\/ -->\n<title>Politique de confidentialit\u00e9 - MTPA Paysagiste et travaux publics : assainissement, terrassement, VRD<\/title>\n<meta name=\"robots\" content=\"noindex, nofollow\" \/>\n<meta property=\"og:locale\" content=\"fr_FR\" \/>\n<meta property=\"og:type\" content=\"article\" \/>\n<meta property=\"og:title\" content=\"Politique de confidentialit\u00e9 - MTPA Paysagiste et travaux publics : assainissement, terrassement, VRD\" \/>\n<meta property=\"og:description\" content=\"Politique de confidentialit\u00e9 Qui sommes-nous ? L\u2019adresse de notre site est : https:\/\/moricetpa.fr. Utilisation des donn\u00e9es personnelles collect\u00e9esCommentaires Quand vous laissez un commentaire sur notre site, les donn\u00e9es inscrites dans le formulaire de commentaire, mais aussi votre adresse IP et l\u2019agent utilisateur de votre navigateur sont collect\u00e9s pour nous aider \u00e0 la d\u00e9tection des commentaires [&hellip;]\" \/>\n<meta property=\"og:url\" content=\"https:\/\/moricetpa.fr\/index.php\/politique-de-confidentialite\/\" \/>\n<meta property=\"og:site_name\" content=\"MTPA Paysagiste et travaux publics : assainissement, terrassement, VRD\" \/>\n<meta property=\"article:publisher\" content=\"https:\/\/www.facebook.com\/sarl.mtpa\/\" \/>\n<meta property=\"article:modified_time\" content=\"2022-04-12T13:48:31+00:00\" \/>\n<meta property=\"og:image\" content=\"https:\/\/moricetpa.fr\/wp-content\/uploads\/2022\/04\/tractopelle-soulignage.png\" \/>\n<meta name=\"twitter:card\" content=\"summary_large_image\" \/>\n<meta name=\"twitter:label1\" content=\"Dur\u00e9e de lecture estim\u00e9e\" \/>\n\t<meta name=\"twitter:data1\" content=\"6 minutes\" \/>\n<script type=\"application\/ld+json\" class=\"yoast-schema-graph\">{\"@context\":\"https:\/\/schema.org\",\"@graph\":[{\"@type\":\"WebPage\",\"@id\":\"https:\/\/moricetpa.fr\/index.php\/politique-de-confidentialite\/\",\"url\":\"https:\/\/moricetpa.fr\/index.php\/politique-de-confidentialite\/\",\"name\":\"Politique de confidentialit\u00e9 - MTPA Paysagiste et travaux publics : assainissement, terrassement, VRD\",\"isPartOf\":{\"@id\":\"https:\/\/moricetpa.fr\/#website\"},\"datePublished\":\"2022-01-20T11:26:59+00:00\",\"dateModified\":\"2022-04-12T13:48:31+00:00\",\"breadcrumb\":{\"@id\":\"https:\/\/moricetpa.fr\/index.php\/politique-de-confidentialite\/#breadcrumb\"},\"inLanguage\":\"fr-FR\",\"potentialAction\":[{\"@type\":\"ReadAction\",\"target\":[\"https:\/\/moricetpa.fr\/index.php\/politique-de-confidentialite\/\"]}]},{\"@type\":\"BreadcrumbList\",\"@id\":\"https:\/\/moricetpa.fr\/index.php\/politique-de-confidentialite\/#breadcrumb\",\"itemListElement\":[{\"@type\":\"ListItem\",\"position\":1,\"name\":\"Accueil\",\"item\":\"https:\/\/moricetpa.fr\/\"},{\"@type\":\"ListItem\",\"position\":2,\"name\":\"Politique de confidentialit\u00e9\"}]},{\"@type\":\"WebSite\",\"@id\":\"https:\/\/moricetpa.fr\/#website\",\"url\":\"https:\/\/moricetpa.fr\/\",\"name\":\"MTPA Paysagiste et travaux publics : assainissement, terrassement, VRD\",\"description\":\"MTPA votre entreprise paysagiste sp\u00e9cialis\u00e9e dans votre am\u00e9nagement paysager, nous assurons la conception et l\u2019entretien de votre espace ext\u00e9rieur\",\"publisher\":{\"@id\":\"https:\/\/moricetpa.fr\/#organization\"},\"potentialAction\":[{\"@type\":\"SearchAction\",\"target\":{\"@type\":\"EntryPoint\",\"urlTemplate\":\"https:\/\/moricetpa.fr\/?s={search_term_string}\"},\"query-input\":\"required name=search_term_string\"}],\"inLanguage\":\"fr-FR\"},{\"@type\":\"Organization\",\"@id\":\"https:\/\/moricetpa.fr\/#organization\",\"name\":\"MTPA\",\"url\":\"https:\/\/moricetpa.fr\/\",\"logo\":{\"@type\":\"ImageObject\",\"inLanguage\":\"fr-FR\",\"@id\":\"https:\/\/moricetpa.fr\/#\/schema\/logo\/image\/\",\"url\":\"https:\/\/moricetpa.fr\/wp-content\/uploads\/2022\/02\/icon-mtpa.png\",\"contentUrl\":\"https:\/\/moricetpa.fr\/wp-content\/uploads\/2022\/02\/icon-mtpa.png\",\"width\":512,\"height\":512,\"caption\":\"MTPA\"},\"image\":{\"@id\":\"https:\/\/moricetpa.fr\/#\/schema\/logo\/image\/\"},\"sameAs\":[\"https:\/\/www.facebook.com\/sarl.mtpa\/\"]}]}<\/script>\n<!-- \/ Yoast SEO plugin. -->","yoast_head_json":{"title":"Politique de confidentialit\u00e9 - MTPA Paysagiste et travaux publics : assainissement, terrassement, VRD","robots":{"index":"noindex","follow":"nofollow"},"og_locale":"fr_FR","og_type":"article","og_title":"Politique de confidentialit\u00e9 - MTPA Paysagiste et travaux publics : assainissement, terrassement, VRD","og_description":"Politique de confidentialit\u00e9 Qui sommes-nous ? L\u2019adresse de notre site est : https:\/\/moricetpa.fr. Utilisation des donn\u00e9es personnelles collect\u00e9esCommentaires Quand vous laissez un commentaire sur notre site, les donn\u00e9es inscrites dans le formulaire de commentaire, mais aussi votre adresse IP et l\u2019agent utilisateur de votre navigateur sont collect\u00e9s pour nous aider \u00e0 la d\u00e9tection des commentaires [&hellip;]","og_url":"https:\/\/moricetpa.fr\/index.php\/politique-de-confidentialite\/","og_site_name":"MTPA Paysagiste et travaux publics : assainissement, terrassement, VRD","article_publisher":"https:\/\/www.facebook.com\/sarl.mtpa\/","article_modified_time":"2022-04-12T13:48:31+00:00","og_image":[{"url":"https:\/\/moricetpa.fr\/wp-content\/uploads\/2022\/04\/tractopelle-soulignage.png"}],"twitter_card":"summary_large_image","twitter_misc":{"Dur\u00e9e de lecture estim\u00e9e":"6 minutes"},"schema":{"@context":"https:\/\/schema.org","@graph":[{"@type":"WebPage","@id":"https:\/\/moricetpa.fr\/index.php\/politique-de-confidentialite\/","url":"https:\/\/moricetpa.fr\/index.php\/politique-de-confidentialite\/","name":"Politique de confidentialit\u00e9 - MTPA Paysagiste et travaux publics : assainissement, terrassement, VRD","isPartOf":{"@id":"https:\/\/moricetpa.fr\/#website"},"datePublished":"2022-01-20T11:26:59+00:00","dateModified":"2022-04-12T13:48:31+00:00","breadcrumb":{"@id":"https:\/\/moricetpa.fr\/index.php\/politique-de-confidentialite\/#breadcrumb"},"inLanguage":"fr-FR","potentialAction":[{"@type":"ReadAction","target":["https:\/\/moricetpa.fr\/index.php\/politique-de-confidentialite\/"]}]},{"@type":"BreadcrumbList","@id":"https:\/\/moricetpa.fr\/index.php\/politique-de-confidentialite\/#breadcrumb","itemListElement":[{"@type":"ListItem","position":1,"name":"Accueil","item":"https:\/\/moricetpa.fr\/"},{"@type":"ListItem","position":2,"name":"Politique de confidentialit\u00e9"}]},{"@type":"WebSite","@id":"https:\/\/moricetpa.fr\/#website","url":"https:\/\/moricetpa.fr\/","name":"MTPA Paysagiste et travaux publics : assainissement, terrassement, VRD","description":"MTPA votre entreprise paysagiste sp\u00e9cialis\u00e9e dans votre am\u00e9nagement paysager, nous assurons la conception et l\u2019entretien de votre espace ext\u00e9rieur","publisher":{"@id":"https:\/\/moricetpa.fr\/#organization"},"potentialAction":[{"@type":"SearchAction","target":{"@type":"EntryPoint","urlTemplate":"https:\/\/moricetpa.fr\/?s={search_term_string}"},"query-input":"required name=search_term_string"}],"inLanguage":"fr-FR"},{"@type":"Organization","@id":"https:\/\/moricetpa.fr\/#organization","name":"MTPA","url":"https:\/\/moricetpa.fr\/","logo":{"@type":"ImageObject","inLanguage":"fr-FR","@id":"https:\/\/moricetpa.fr\/#\/schema\/logo\/image\/","url":"https:\/\/moricetpa.fr\/wp-content\/uploads\/2022\/02\/icon-mtpa.png","contentUrl":"https:\/\/moricetpa.fr\/wp-content\/uploads\/2022\/02\/icon-mtpa.png","width":512,"height":512,"caption":"MTPA"},"image":{"@id":"https:\/\/moricetpa.fr\/#\/schema\/logo\/image\/"},"sameAs":["https:\/\/www.facebook.com\/sarl.mtpa\/"]}]}},"_links":{"self":[{"href":"https:\/\/moricetpa.fr\/index.php\/wp-json\/wp\/v2\/pages\/2452"}],"collection":[{"href":"https:\/\/moricetpa.fr\/index.php\/wp-json\/wp\/v2\/pages"}],"about":[{"href":"https:\/\/moricetpa.fr\/index.php\/wp-json\/wp\/v2\/types\/page"}],"author":[{"embeddable":true,"href":"https:\/\/moricetpa.fr\/index.php\/wp-json\/wp\/v2\/users\/1"}],"replies":[{"embeddable":true,"href":"https:\/\/moricetpa.fr\/index.php\/wp-json\/wp\/v2\/comments?post=2452"}],"version-history":[{"count":0,"href":"https:\/\/moricetpa.fr\/index.php\/wp-json\/wp\/v2\/pages\/2452\/revisions"}],"wp:attachment":[{"href":"https:\/\/moricetpa.fr\/index.php\/wp-json\/wp\/v2\/media?parent=2452"}],"curies":[{"name":"wp","href":"https:\/\/api.w.org\/{rel}","templated":true}]}}